{"id":2236,"date":"2025-11-28T21:57:24","date_gmt":"2025-11-28T20:57:24","guid":{"rendered":"http:\/\/localhost\/mae\/?page_id=2236"},"modified":"2025-11-28T21:57:24","modified_gmt":"2025-11-28T20:57:24","slug":"direction-des-ressources-financieres-du-materiel-des-marches-publics-et-des-delegations-de-service-public-drf-m-mp-dsp","status":"publish","type":"page","link":"https:\/\/agriculture.gouv.ne\/?page_id=2236","title":{"rendered":"Direction des Ressources Financi\u00e8res, du Mat\u00e9riel, des March\u00e9s Publics et des D\u00e9l\u00e9gations de Service Public (DRF\/M\/MP\/DSP)"},"content":{"rendered":"","protected":false},"excerpt":{"rendered":"","protected":false},"author":1,"featured_media":0,"parent":0,"menu_order":0,"comment_status":"closed","ping_status":"closed","template":"","meta":{"footnotes":""},"class_list":["post-2236","page","type-page","status-publish","hentry"],"_links":{"self":[{"href":"https:\/\/agriculture.gouv.ne\/index.php?rest_route=\/wp\/v2\/pages\/2236","targetHints":{"allow":["GET"]}}],"collection":[{"href":"https:\/\/agriculture.gouv.ne\/index.php?rest_route=\/wp\/v2\/pages"}],"about":[{"href":"https:\/\/agriculture.gouv.ne\/index.php?rest_route=\/wp\/v2\/types\/page"}],"author":[{"embeddable":true,"href":"https:\/\/agriculture.gouv.ne\/index.php?rest_route=\/wp\/v2\/users\/1"}],"replies":[{"embeddable":true,"href":"https:\/\/agriculture.gouv.ne\/index.php?rest_route=%2Fwp%2Fv2%2Fcomments&post=2236"}],"version-history":[{"count":1,"href":"https:\/\/agriculture.gouv.ne\/index.php?rest_route=\/wp\/v2\/pages\/2236\/revisions"}],"predecessor-version":[{"id":2237,"href":"https:\/\/agriculture.gouv.ne\/index.php?rest_route=\/wp\/v2\/pages\/2236\/revisions\/2237"}],"wp:attachment":[{"href":"https:\/\/agriculture.gouv.ne\/index.php?rest_route=%2Fwp%2Fv2%2Fmedia&parent=2236"}],"curies":[{"name":"wp","href":"https:\/\/api.w.org\/{rel}","templated":true}]}}