{"id":2210,"date":"2025-11-28T10:29:19","date_gmt":"2025-11-28T09:29:19","guid":{"rendered":"http:\/\/localhost\/mae\/?page_id=2210"},"modified":"2026-01-05T15:23:03","modified_gmt":"2026-01-05T14:23:03","slug":"direction-generale-des-services-veterinaires","status":"publish","type":"page","link":"https:\/\/agriculture.gouv.ne\/?page_id=2210","title":{"rendered":"Direction G\u00e9n\u00e9rale des Services V\u00e9t\u00e9rinaires (DGSV)"},"content":{"rendered":"\t\t<div data-elementor-type=\"wp-page\" data-elementor-id=\"2210\" class=\"elementor elementor-2210\">\n\t\t\t\t\t\t<section class=\"penci-section penci-disSticky penci-structure-10 elementor-section elementor-top-section elementor-element elementor-element-85306c3 elementor-section-boxed elementor-section-height-default elementor-section-height-default\" data-id=\"85306c3\" data-element_type=\"section\">\n\t\t\t\t\t\t<div class=\"elementor-container elementor-column-gap-default\">\n\t\t\t\t\t<div class=\"penci-ercol-100 penci-ercol-order-1 penci-sticky-ct    elementor-column elementor-col-100 elementor-top-column elementor-element elementor-element-2690f56\" data-id=\"2690f56\" data-element_type=\"column\">\n\t\t\t<div class=\"elementor-widget-wrap elementor-element-populated\">\n\t\t\t\t\t\t<div class=\"elementor-element elementor-element-f865bab elementor-widget elementor-widget-penci-text-block\" data-id=\"f865bab\" data-element_type=\"widget\" data-widget_type=\"penci-text-block.default\">\n\t\t\t\t<div class=\"elementor-widget-container\">\n\t\t\t\t\t\t\t<div class=\"penci-block-vc penci-text-editor\">\r\n\t\t\t\t\t\t<div class=\"penci-block_content\">\r\n\t\t\t\t<div class=\"elementor-text-editor elementor-clearfix\"><p><strong>La Direction G\u00e9n\u00e9rale des Services V\u00e9t\u00e9rinaires<\/strong> qui comprend les directions techniques nationales ci-apr\u00e8s:<br \/>\u25a0\u00a0 la Direction de la Sant\u00e9 Animale (DSA) ;<br \/>\u25a0\u00a0 la Direction de la S\u00e9curit\u00e9 Sanitaire des Denr\u00e9es et Aliments d&rsquo;Origine Animale (DSSDAOA) ;<br \/>\u25a0\u00a0 la Direction des Pharmacies V\u00e9t\u00e9rinaires et de la Privatisation de la Profession V\u00e9t\u00e9rinaire (PV\/PPV).<br \/><br \/><\/p><\/div>\r\n\t\t\t<\/div>\r\n\t\t<\/div>\r\n\t\t\t\t\t\t<\/div>\n\t\t\t\t<\/div>\n\t\t\t\t\t<\/div>\n\t\t<\/div>\n\t\t\t\t\t<\/div>\n\t\t<\/section>\n\t\t\t\t<\/div>\n\t\t","protected":false},"excerpt":{"rendered":"<p>La Direction G\u00e9n\u00e9rale des Services V\u00e9t\u00e9rinaires qui comprend les directions techniques nationales ci-apr\u00e8s: \u25a0\u00a0 la Direction de la Sant\u00e9 Animale (DSA) ;&hellip;<\/p>\n","protected":false},"author":1,"featured_media":0,"parent":0,"menu_order":0,"comment_status":"closed","ping_status":"closed","template":"","meta":{"footnotes":""},"class_list":["post-2210","page","type-page","status-publish","hentry"],"_links":{"self":[{"href":"https:\/\/agriculture.gouv.ne\/index.php?rest_route=\/wp\/v2\/pages\/2210","targetHints":{"allow":["GET"]}}],"collection":[{"href":"https:\/\/agriculture.gouv.ne\/index.php?rest_route=\/wp\/v2\/pages"}],"about":[{"href":"https:\/\/agriculture.gouv.ne\/index.php?rest_route=\/wp\/v2\/types\/page"}],"author":[{"embeddable":true,"href":"https:\/\/agriculture.gouv.ne\/index.php?rest_route=\/wp\/v2\/users\/1"}],"replies":[{"embeddable":true,"href":"https:\/\/agriculture.gouv.ne\/index.php?rest_route=%2Fwp%2Fv2%2Fcomments&post=2210"}],"version-history":[{"count":6,"href":"https:\/\/agriculture.gouv.ne\/index.php?rest_route=\/wp\/v2\/pages\/2210\/revisions"}],"predecessor-version":[{"id":2499,"href":"https:\/\/agriculture.gouv.ne\/index.php?rest_route=\/wp\/v2\/pages\/2210\/revisions\/2499"}],"wp:attachment":[{"href":"https:\/\/agriculture.gouv.ne\/index.php?rest_route=%2Fwp%2Fv2%2Fmedia&parent=2210"}],"curies":[{"name":"wp","href":"https:\/\/api.w.org\/{rel}","templated":true}]}}