{"id":2207,"date":"2025-11-28T10:28:35","date_gmt":"2025-11-28T09:28:35","guid":{"rendered":"http:\/\/localhost\/mae\/?page_id=2207"},"modified":"2025-12-01T14:34:25","modified_gmt":"2025-12-01T13:34:25","slug":"la-direction-generale-du-developpement-pastoral-de-la-production-et-des-industries-animales-dgdp-p-ia","status":"publish","type":"page","link":"https:\/\/agriculture.gouv.ne\/?page_id=2207","title":{"rendered":"Direction G\u00e9n\u00e9rale du D\u00e9veloppement Pastoral, de la Production et des Industries Animales (DGDP\/P\/IA)"},"content":{"rendered":"\t\t<div data-elementor-type=\"wp-page\" data-elementor-id=\"2207\" class=\"elementor elementor-2207\">\n\t\t\t\t\t\t<section class=\"penci-section penci-disSticky penci-structure-10 elementor-section elementor-top-section elementor-element elementor-element-e9b8473 elementor-section-boxed elementor-section-height-default elementor-section-height-default\" data-id=\"e9b8473\" data-element_type=\"section\">\n\t\t\t\t\t\t<div class=\"elementor-container elementor-column-gap-default\">\n\t\t\t\t\t<div class=\"penci-ercol-100 penci-ercol-order-1 penci-sticky-ct    elementor-column elementor-col-100 elementor-top-column elementor-element elementor-element-c73dbd2\" data-id=\"c73dbd2\" data-element_type=\"column\">\n\t\t\t<div class=\"elementor-widget-wrap elementor-element-populated\">\n\t\t\t\t\t\t<div class=\"elementor-element elementor-element-bdd0d52 elementor-widget elementor-widget-penci-text-block\" data-id=\"bdd0d52\" data-element_type=\"widget\" data-widget_type=\"penci-text-block.default\">\n\t\t\t\t<div class=\"elementor-widget-container\">\n\t\t\t\t\t\t\t<div class=\"penci-block-vc penci-text-editor\">\r\n\t\t\t\t\t\t<div class=\"penci-block_content\">\r\n\t\t\t\t<div class=\"elementor-text-editor elementor-clearfix\"><p><strong>La Direction G\u00e9n\u00e9rale du D\u00e9veloppement Pastoral, de la Production et des <\/strong><strong>Industries Animales (DGDP\/P\/IA)<\/strong> qui comprend les directions techniques nationales ci-apr\u00e8s:<br \/>\u25a0 la Direction de l&rsquo;Am\u00e9nagement, de la S\u00e9curisation des Espaces Pastoraux et de la Mobilit\u00e9 Pastorale (DA\/SEP\/MP) ;<br \/>\u25a0 la Direction du Suivi des Ressources Pastorales, de l&rsquo;Alimentation et de la Gestion des Risques (DSRP\/AlGR) ;<br \/>\u25a0 la Direction de la Promotion des Fili\u00e8res Animales (DPF A) ;<br \/>\u25a0 la Direction de l&rsquo;Am\u00e9lioration G\u00e9n\u00e9tique (DAG) ;<br \/>\u25a0 la Direction de la Promotion des Industries Animales (DPIA).<br \/><br \/><\/p><\/div>\r\n\t\t\t<\/div>\r\n\t\t<\/div>\r\n\t\t\t\t\t\t<\/div>\n\t\t\t\t<\/div>\n\t\t\t\t\t<\/div>\n\t\t<\/div>\n\t\t\t\t\t<\/div>\n\t\t<\/section>\n\t\t\t\t<\/div>\n\t\t","protected":false},"excerpt":{"rendered":"<p>La Direction G\u00e9n\u00e9rale du D\u00e9veloppement Pastoral, de la Production et des Industries Animales (DGDP\/P\/IA) qui comprend les directions techniques nationales ci-apr\u00e8s:\u25a0 la&hellip;<\/p>\n","protected":false},"author":1,"featured_media":0,"parent":0,"menu_order":0,"comment_status":"closed","ping_status":"closed","template":"","meta":{"footnotes":""},"class_list":["post-2207","page","type-page","status-publish","hentry"],"_links":{"self":[{"href":"https:\/\/agriculture.gouv.ne\/index.php?rest_route=\/wp\/v2\/pages\/2207","targetHints":{"allow":["GET"]}}],"collection":[{"href":"https:\/\/agriculture.gouv.ne\/index.php?rest_route=\/wp\/v2\/pages"}],"about":[{"href":"https:\/\/agriculture.gouv.ne\/index.php?rest_route=\/wp\/v2\/types\/page"}],"author":[{"embeddable":true,"href":"https:\/\/agriculture.gouv.ne\/index.php?rest_route=\/wp\/v2\/users\/1"}],"replies":[{"embeddable":true,"href":"https:\/\/agriculture.gouv.ne\/index.php?rest_route=%2Fwp%2Fv2%2Fcomments&post=2207"}],"version-history":[{"count":5,"href":"https:\/\/agriculture.gouv.ne\/index.php?rest_route=\/wp\/v2\/pages\/2207\/revisions"}],"predecessor-version":[{"id":2300,"href":"https:\/\/agriculture.gouv.ne\/index.php?rest_route=\/wp\/v2\/pages\/2207\/revisions\/2300"}],"wp:attachment":[{"href":"https:\/\/agriculture.gouv.ne\/index.php?rest_route=%2Fwp%2Fv2%2Fmedia&parent=2207"}],"curies":[{"name":"wp","href":"https:\/\/api.w.org\/{rel}","templated":true}]}}