{"id":2205,"date":"2025-11-28T10:27:50","date_gmt":"2025-11-28T09:27:50","guid":{"rendered":"http:\/\/localhost\/mae\/?page_id=2205"},"modified":"2025-12-01T14:11:14","modified_gmt":"2025-12-01T13:11:14","slug":"direction-generale-de-la-protection-des-vegetaux-dgpv","status":"publish","type":"page","link":"https:\/\/agriculture.gouv.ne\/?page_id=2205","title":{"rendered":"Direction G\u00e9n\u00e9rale de la Protection des V\u00e9g\u00e9taux (DGPV)"},"content":{"rendered":"\t\t<div data-elementor-type=\"wp-page\" data-elementor-id=\"2205\" class=\"elementor elementor-2205\">\n\t\t\t\t\t\t<section class=\"penci-section penci-disSticky penci-structure-10 elementor-section elementor-top-section elementor-element elementor-element-2b806a7 elementor-section-boxed elementor-section-height-default elementor-section-height-default\" data-id=\"2b806a7\" data-element_type=\"section\">\n\t\t\t\t\t\t<div class=\"elementor-container elementor-column-gap-default\">\n\t\t\t\t\t<div class=\"penci-ercol-100 penci-ercol-order-1 penci-sticky-ct    elementor-column elementor-col-100 elementor-top-column elementor-element elementor-element-e9b2783\" data-id=\"e9b2783\" data-element_type=\"column\">\n\t\t\t<div class=\"elementor-widget-wrap elementor-element-populated\">\n\t\t\t\t\t\t<div class=\"elementor-element elementor-element-10a89da elementor-widget elementor-widget-penci-text-block\" data-id=\"10a89da\" data-element_type=\"widget\" data-widget_type=\"penci-text-block.default\">\n\t\t\t\t<div class=\"elementor-widget-container\">\n\t\t\t\t\t\t\t<div class=\"penci-block-vc penci-text-editor\">\r\n\t\t\t\t\t\t<div class=\"penci-block_content\">\r\n\t\t\t\t<div class=\"elementor-text-editor elementor-clearfix\"><p><strong>La Direction G\u00e9n\u00e9rale du G\u00e9nie Rural (DGGR)<\/strong> qui comprend les directions techniques nationales ci-apr\u00e8s:<\/p><p><br \/>\u25a0 la Direction de l&rsquo;Am\u00e9nagement des Terres et de l&rsquo;Irrigation (DATI) ;<\/p><p><br \/>\u25a0 la Direction de la Mobilisation des Eaux (DME) ;<\/p><p><br \/>\u25a0 la Direction des Equipements Ruraux Agricoles (DERA) ;<\/p><p>\u25a0 la Direction de la M\u00e9canique des Sols et des Travaux Topographiques (DMS\/TT).<br \/><br \/>\u25a0 la Direction de l&rsquo;Inspection et du Contr\u00f4le de la qualit\u00e9 des Engrais (DICE).<\/p><\/div>\r\n\t\t\t<\/div>\r\n\t\t<\/div>\r\n\t\t\t\t\t\t<\/div>\n\t\t\t\t<\/div>\n\t\t\t\t\t<\/div>\n\t\t<\/div>\n\t\t\t\t\t<\/div>\n\t\t<\/section>\n\t\t\t\t<\/div>\n\t\t","protected":false},"excerpt":{"rendered":"<p>La Direction G\u00e9n\u00e9rale du G\u00e9nie Rural (DGGR) qui comprend les directions techniques nationales ci-apr\u00e8s: \u25a0 la Direction de l&rsquo;Am\u00e9nagement des Terres et&hellip;<\/p>\n","protected":false},"author":1,"featured_media":0,"parent":0,"menu_order":0,"comment_status":"closed","ping_status":"closed","template":"","meta":{"footnotes":""},"class_list":["post-2205","page","type-page","status-publish","hentry"],"_links":{"self":[{"href":"https:\/\/agriculture.gouv.ne\/index.php?rest_route=\/wp\/v2\/pages\/2205","targetHints":{"allow":["GET"]}}],"collection":[{"href":"https:\/\/agriculture.gouv.ne\/index.php?rest_route=\/wp\/v2\/pages"}],"about":[{"href":"https:\/\/agriculture.gouv.ne\/index.php?rest_route=\/wp\/v2\/types\/page"}],"author":[{"embeddable":true,"href":"https:\/\/agriculture.gouv.ne\/index.php?rest_route=\/wp\/v2\/users\/1"}],"replies":[{"embeddable":true,"href":"https:\/\/agriculture.gouv.ne\/index.php?rest_route=%2Fwp%2Fv2%2Fcomments&post=2205"}],"version-history":[{"count":10,"href":"https:\/\/agriculture.gouv.ne\/index.php?rest_route=\/wp\/v2\/pages\/2205\/revisions"}],"predecessor-version":[{"id":2294,"href":"https:\/\/agriculture.gouv.ne\/index.php?rest_route=\/wp\/v2\/pages\/2205\/revisions\/2294"}],"wp:attachment":[{"href":"https:\/\/agriculture.gouv.ne\/index.php?rest_route=%2Fwp%2Fv2%2Fmedia&parent=2205"}],"curies":[{"name":"wp","href":"https:\/\/api.w.org\/{rel}","templated":true}]}}