{"id":2203,"date":"2025-11-28T10:27:07","date_gmt":"2025-11-28T09:27:07","guid":{"rendered":"http:\/\/localhost\/mae\/?page_id=2203"},"modified":"2025-12-01T14:29:58","modified_gmt":"2025-12-01T13:29:58","slug":"direction-generale-du-genie-rural-dggr","status":"publish","type":"page","link":"https:\/\/agriculture.gouv.ne\/?page_id=2203","title":{"rendered":"Direction G\u00e9n\u00e9rale du G\u00e9nie Rural (DGGR)"},"content":{"rendered":"\t\t<div data-elementor-type=\"wp-page\" data-elementor-id=\"2203\" class=\"elementor elementor-2203\">\n\t\t\t\t\t\t<section class=\"penci-section penci-disSticky penci-structure-10 elementor-section elementor-top-section elementor-element elementor-element-cda1c04 elementor-section-boxed elementor-section-height-default elementor-section-height-default\" data-id=\"cda1c04\" data-element_type=\"section\">\n\t\t\t\t\t\t<div class=\"elementor-container elementor-column-gap-default\">\n\t\t\t\t\t<div class=\"penci-ercol-100 penci-ercol-order-1 penci-sticky-ct    elementor-column elementor-col-100 elementor-top-column elementor-element elementor-element-f9eff4b\" data-id=\"f9eff4b\" data-element_type=\"column\">\n\t\t\t<div class=\"elementor-widget-wrap elementor-element-populated\">\n\t\t\t\t\t\t<div class=\"elementor-element elementor-element-84ccc16 elementor-widget elementor-widget-penci-text-block\" data-id=\"84ccc16\" data-element_type=\"widget\" data-widget_type=\"penci-text-block.default\">\n\t\t\t\t<div class=\"elementor-widget-container\">\n\t\t\t\t\t\t\t<div class=\"penci-block-vc penci-text-editor\">\r\n\t\t\t\t\t\t<div class=\"penci-block_content\">\r\n\t\t\t\t<div class=\"elementor-text-editor elementor-clearfix\"><p><strong>La Direction G\u00e9n\u00e9rale de la Protection des V\u00e9g\u00e9taux (DGPV)<\/strong> qui comprend les directions techniques nationales ci-apr\u00e8s:<br \/>\u25a0 la Direction des Interventions Phytosanitaires et de la Formation (DIPIF) ;<br \/>\u25a0 la Direction des Etudes Biologiques (DEB) ;<br \/>\u25a0 la Direction de la R\u00e8glementation Phytosanitaire et du Suivi Environnemental (DRP\/SE) ;<br \/>\u25a0 la Direction de la Logistique, des Equipements Phytosanitaires et des Pesticides (DL\/EPP).<br \/><br \/><br \/><\/p><\/div>\r\n\t\t\t<\/div>\r\n\t\t<\/div>\r\n\t\t\t\t\t\t<\/div>\n\t\t\t\t<\/div>\n\t\t\t\t\t<\/div>\n\t\t<\/div>\n\t\t\t\t\t<\/div>\n\t\t<\/section>\n\t\t\t\t<\/div>\n\t\t","protected":false},"excerpt":{"rendered":"<p>La Direction G\u00e9n\u00e9rale de la Protection des V\u00e9g\u00e9taux (DGPV) qui comprend les directions techniques nationales ci-apr\u00e8s:\u25a0 la Direction des Interventions Phytosanitaires et&hellip;<\/p>\n","protected":false},"author":1,"featured_media":0,"parent":0,"menu_order":0,"comment_status":"closed","ping_status":"closed","template":"","meta":{"footnotes":""},"class_list":["post-2203","page","type-page","status-publish","hentry"],"_links":{"self":[{"href":"https:\/\/agriculture.gouv.ne\/index.php?rest_route=\/wp\/v2\/pages\/2203","targetHints":{"allow":["GET"]}}],"collection":[{"href":"https:\/\/agriculture.gouv.ne\/index.php?rest_route=\/wp\/v2\/pages"}],"about":[{"href":"https:\/\/agriculture.gouv.ne\/index.php?rest_route=\/wp\/v2\/types\/page"}],"author":[{"embeddable":true,"href":"https:\/\/agriculture.gouv.ne\/index.php?rest_route=\/wp\/v2\/users\/1"}],"replies":[{"embeddable":true,"href":"https:\/\/agriculture.gouv.ne\/index.php?rest_route=%2Fwp%2Fv2%2Fcomments&post=2203"}],"version-history":[{"count":4,"href":"https:\/\/agriculture.gouv.ne\/index.php?rest_route=\/wp\/v2\/pages\/2203\/revisions"}],"predecessor-version":[{"id":2297,"href":"https:\/\/agriculture.gouv.ne\/index.php?rest_route=\/wp\/v2\/pages\/2203\/revisions\/2297"}],"wp:attachment":[{"href":"https:\/\/agriculture.gouv.ne\/index.php?rest_route=%2Fwp%2Fv2%2Fmedia&parent=2203"}],"curies":[{"name":"wp","href":"https:\/\/api.w.org\/{rel}","templated":true}]}}