{"id":2046,"date":"2025-11-19T09:55:02","date_gmt":"2025-11-19T08:55:02","guid":{"rendered":"http:\/\/localhost\/mae\/?page_id=2046"},"modified":"2025-12-09T10:43:47","modified_gmt":"2025-12-09T09:43:47","slug":"programmes","status":"publish","type":"page","link":"https:\/\/agriculture.gouv.ne\/?page_id=2046","title":{"rendered":"Programmes"},"content":{"rendered":"\t\t<div data-elementor-type=\"wp-page\" data-elementor-id=\"2046\" class=\"elementor elementor-2046\">\n\t\t\t\t\t\t<section class=\"penci-section penci-disSticky penci-structure-10 elementor-section elementor-top-section elementor-element elementor-element-1eca876d elementor-section-boxed elementor-section-height-default elementor-section-height-default\" data-id=\"1eca876d\" data-element_type=\"section\">\n\t\t\t\t\t\t<div class=\"elementor-container elementor-column-gap-no\">\n\t\t\t\t\t<div class=\"penci-ercol-100 penci-ercol-order-1 penci-sticky-ct    elementor-column elementor-col-100 elementor-top-column elementor-element elementor-element-6370350f\" data-id=\"6370350f\" data-element_type=\"column\">\n\t\t\t<div class=\"elementor-widget-wrap elementor-element-populated\">\n\t\t\t\t\t\t<section class=\"penci-section penci-disSticky penci-structure-10 elementor-section elementor-inner-section elementor-element elementor-element-4c0ac68e elementor-section-content-middle elementor-section-boxed elementor-section-height-default elementor-section-height-default\" data-id=\"4c0ac68e\" data-element_type=\"section\">\n\t\t\t\t\t\t<div class=\"elementor-container elementor-column-gap-wider\">\n\t\t\t\t\t<div class=\"penci-ercol-100 penci-ercol-order-1 penci-sticky-ct    elementor-column elementor-col-100 elementor-inner-column elementor-element elementor-element-53aee76f\" data-id=\"53aee76f\" data-element_type=\"column\">\n\t\t\t<div class=\"elementor-widget-wrap elementor-element-populated\">\n\t\t\t\t\t\t<div class=\"elementor-element elementor-element-9a2662b elementor-widget elementor-widget-penci-text-block\" data-id=\"9a2662b\" data-element_type=\"widget\" data-widget_type=\"penci-text-block.default\">\n\t\t\t\t<div class=\"elementor-widget-container\">\n\t\t\t\t\t\t\t<div class=\"penci-block-vc penci-text-editor\">\r\n\t\t\t        <div class=\"penci-border-arrow penci-homepage-title penci-home-latest-posts style-11 pcalign-left pciconp-right pcicon-right block-title-icon-left\">\r\n            <h3 class=\"inner-arrow\">\r\n                <span>\r\n                    <span>Programme 1<\/a>                <\/span>\r\n            <\/h3>\r\n\t\t\t        <\/div>\r\n\t\t\t\t\t<div class=\"penci-block_content\">\r\n\t\t\t\t<div class=\"elementor-text-editor elementor-clearfix\"><p><strong><em>\u00ab\u00a0<\/em><em>Pilotage, Coordination et gestion administrative des politiques de l\u2019agriculture et de l\u2019\u00e9levage<\/em><em>\u00a0\u00bb<\/em><\/strong>\u00a0couvre toutes les activit\u00e9s relatives au pilotage strat\u00e9gique du minist\u00e8re, \u00e0 sa gestion administrative et financi\u00e8re, au suivi et \u00e9valuation et \u00e0 la gestion de son syst\u00e8me d\u2019information\u00a0;<\/p><\/div>\r\n\t\t\t<\/div>\r\n\t\t<\/div>\r\n\t\t\t\t\t\t<\/div>\n\t\t\t\t<\/div>\n\t\t\t\t\t<\/div>\n\t\t<\/div>\n\t\t\t\t\t<\/div>\n\t\t<\/section>\n\t\t\t\t\t<\/div>\n\t\t<\/div>\n\t\t\t\t\t<\/div>\n\t\t<\/section>\n\t\t\t\t<section class=\"penci-section penci-disSticky penci-structure-10 elementor-section elementor-top-section elementor-element elementor-element-36986d0c elementor-section-boxed elementor-section-height-default elementor-section-height-default\" data-id=\"36986d0c\" data-element_type=\"section\">\n\t\t\t\t\t\t<div class=\"elementor-container elementor-column-gap-no\">\n\t\t\t\t\t<div class=\"penci-ercol-100 penci-ercol-order-1 penci-sticky-ct    elementor-column elementor-col-100 elementor-top-column elementor-element elementor-element-5ff2b067\" data-id=\"5ff2b067\" data-element_type=\"column\">\n\t\t\t<div class=\"elementor-widget-wrap elementor-element-populated\">\n\t\t\t\t\t\t<section class=\"penci-section penci-disSticky penci-structure-10 elementor-section elementor-inner-section elementor-element elementor-element-11eece1e elementor-section-content-middle elementor-section-boxed elementor-section-height-default elementor-section-height-default\" data-id=\"11eece1e\" data-element_type=\"section\">\n\t\t\t\t\t\t<div class=\"elementor-container elementor-column-gap-wider\">\n\t\t\t\t\t<div class=\"penci-ercol-100 penci-ercol-order-1 penci-sticky-ct    elementor-column elementor-col-100 elementor-inner-column elementor-element elementor-element-6fbb9ef6\" data-id=\"6fbb9ef6\" data-element_type=\"column\">\n\t\t\t<div class=\"elementor-widget-wrap elementor-element-populated\">\n\t\t\t\t\t\t<div class=\"elementor-element elementor-element-e7bf79b elementor-widget elementor-widget-penci-text-block\" data-id=\"e7bf79b\" data-element_type=\"widget\" data-widget_type=\"penci-text-block.default\">\n\t\t\t\t<div class=\"elementor-widget-container\">\n\t\t\t\t\t\t\t<div class=\"penci-block-vc penci-text-editor\">\r\n\t\t\t        <div class=\"penci-border-arrow penci-homepage-title penci-home-latest-posts style-11 pcalign-left pciconp-right pcicon-right block-title-icon-left\">\r\n            <h3 class=\"inner-arrow\">\r\n                <span>\r\n                    <span>Programme 2<\/a>                <\/span>\r\n            <\/h3>\r\n\t\t\t        <\/div>\r\n\t\t\t\t\t<div class=\"penci-block_content\">\r\n\t\t\t\t<div class=\"elementor-text-editor elementor-clearfix\"><p><strong><em>\u00ab\u00a0D\u00e9veloppement des productions v\u00e9g\u00e9tales\u00a0\u00bb\u00a0<\/em><\/strong>couvre\u00a0les domaines des chaines de valeurs des fili\u00e8res et des cultures pluviales, l\u2019op\u00e9rationnalisation des maisons du paysan, la subvention des engrais, la politique semenci\u00e8re, la mobilisation des eaux, les infrastructures et \u00e9quipements ruraux, l\u2019am\u00e9nagement des terres, la protection des sols et la protection phytosanitaire des cultures afin de contribuer \u00e0 l\u2019am\u00e9lioration de la s\u00e9curit\u00e9 alimentaire et nutritionnelle des populations\u00a0;<\/p><\/div>\r\n\t\t\t<\/div>\r\n\t\t<\/div>\r\n\t\t\t\t\t\t<\/div>\n\t\t\t\t<\/div>\n\t\t\t\t\t<\/div>\n\t\t<\/div>\n\t\t\t\t\t<\/div>\n\t\t<\/section>\n\t\t\t\t\t<\/div>\n\t\t<\/div>\n\t\t\t\t\t<\/div>\n\t\t<\/section>\n\t\t\t\t<section class=\"penci-section penci-disSticky penci-structure-10 elementor-section elementor-top-section elementor-element elementor-element-f3ef79e elementor-section-boxed elementor-section-height-default elementor-section-height-default\" data-id=\"f3ef79e\" data-element_type=\"section\">\n\t\t\t\t\t\t<div class=\"elementor-container elementor-column-gap-no\">\n\t\t\t\t\t<div class=\"penci-ercol-100 penci-ercol-order-1 penci-sticky-ct    elementor-column elementor-col-100 elementor-top-column elementor-element elementor-element-523a119\" data-id=\"523a119\" data-element_type=\"column\">\n\t\t\t<div class=\"elementor-widget-wrap elementor-element-populated\">\n\t\t\t\t\t\t<section class=\"penci-section penci-disSticky penci-structure-10 elementor-section elementor-inner-section elementor-element elementor-element-6a8cf609 elementor-section-content-middle elementor-section-boxed elementor-section-height-default elementor-section-height-default\" data-id=\"6a8cf609\" data-element_type=\"section\">\n\t\t\t\t\t\t<div class=\"elementor-container elementor-column-gap-wider\">\n\t\t\t\t\t<div class=\"penci-ercol-100 penci-ercol-order-1 penci-sticky-ct    elementor-column elementor-col-100 elementor-inner-column elementor-element elementor-element-5bf866ee\" data-id=\"5bf866ee\" data-element_type=\"column\">\n\t\t\t<div class=\"elementor-widget-wrap elementor-element-populated\">\n\t\t\t\t\t\t<div class=\"elementor-element elementor-element-9aabd45 elementor-widget elementor-widget-penci-text-block\" data-id=\"9aabd45\" data-element_type=\"widget\" data-widget_type=\"penci-text-block.default\">\n\t\t\t\t<div class=\"elementor-widget-container\">\n\t\t\t\t\t\t\t<div class=\"penci-block-vc penci-text-editor\">\r\n\t\t\t        <div class=\"penci-border-arrow penci-homepage-title penci-home-latest-posts style-11 pcalign-left pciconp-right pcicon-right block-title-icon-left\">\r\n            <h3 class=\"inner-arrow\">\r\n                <span>\r\n                    <span>Programme 3<\/a>                <\/span>\r\n            <\/h3>\r\n\t\t\t        <\/div>\r\n\t\t\t\t\t<div class=\"penci-block_content\">\r\n\t\t\t\t<div class=\"elementor-text-editor elementor-clearfix\"><p><strong><em>\u00ab\u00a0D\u00e9veloppement des productions animales \u00bb\u00a0<\/em><\/strong>couvre les domaines li\u00e9s \u00e0 la sant\u00e9 animale, \u00e0 l\u2019hygi\u00e8ne des denr\u00e9es et des aliments d\u2019origine animale, la lutte contre les zoonoses prioritaires, \u00e0 l\u2019accroissement des productions animales et des chaines de valeurs animales, l\u2019am\u00e9nagement, la s\u00e9curisation et la gestion des parcours pastoraux.<\/p><\/div>\r\n\t\t\t<\/div>\r\n\t\t<\/div>\r\n\t\t\t\t\t\t<\/div>\n\t\t\t\t<\/div>\n\t\t\t\t\t<\/div>\n\t\t<\/div>\n\t\t\t\t\t<\/div>\n\t\t<\/section>\n\t\t\t\t\t<\/div>\n\t\t<\/div>\n\t\t\t\t\t<\/div>\n\t\t<\/section>\n\t\t\t\t<\/div>\n\t\t","protected":false},"excerpt":{"rendered":"<p>Programme 1 \u00ab\u00a0Pilotage, Coordination et gestion administrative des politiques de l\u2019agriculture et de l\u2019\u00e9levage\u00a0\u00bb\u00a0couvre toutes les activit\u00e9s relatives au pilotage strat\u00e9gique du&hellip;<\/p>\n","protected":false},"author":1,"featured_media":0,"parent":0,"menu_order":0,"comment_status":"closed","ping_status":"closed","template":"","meta":{"footnotes":""},"class_list":["post-2046","page","type-page","status-publish","hentry"],"_links":{"self":[{"href":"https:\/\/agriculture.gouv.ne\/index.php?rest_route=\/wp\/v2\/pages\/2046","targetHints":{"allow":["GET"]}}],"collection":[{"href":"https:\/\/agriculture.gouv.ne\/index.php?rest_route=\/wp\/v2\/pages"}],"about":[{"href":"https:\/\/agriculture.gouv.ne\/index.php?rest_route=\/wp\/v2\/types\/page"}],"author":[{"embeddable":true,"href":"https:\/\/agriculture.gouv.ne\/index.php?rest_route=\/wp\/v2\/users\/1"}],"replies":[{"embeddable":true,"href":"https:\/\/agriculture.gouv.ne\/index.php?rest_route=%2Fwp%2Fv2%2Fcomments&post=2046"}],"version-history":[{"count":25,"href":"https:\/\/agriculture.gouv.ne\/index.php?rest_route=\/wp\/v2\/pages\/2046\/revisions"}],"predecessor-version":[{"id":2348,"href":"https:\/\/agriculture.gouv.ne\/index.php?rest_route=\/wp\/v2\/pages\/2046\/revisions\/2348"}],"wp:attachment":[{"href":"https:\/\/agriculture.gouv.ne\/index.php?rest_route=%2Fwp%2Fv2%2Fmedia&parent=2046"}],"curies":[{"name":"wp","href":"https:\/\/api.w.org\/{rel}","templated":true}]}}