{"id":1638,"date":"2025-10-13T11:44:44","date_gmt":"2025-10-13T09:44:44","guid":{"rendered":"http:\/\/localhost\/mae\/?page_id=1638"},"modified":"2026-01-14T09:38:17","modified_gmt":"2026-01-14T08:38:17","slug":"textes-reglementaire","status":"publish","type":"page","link":"https:\/\/agriculture.gouv.ne\/?page_id=1638","title":{"rendered":"Textes R\u00e9gl\u00e9mentaires"},"content":{"rendered":"\t\t<div data-elementor-type=\"wp-page\" data-elementor-id=\"1638\" class=\"elementor elementor-1638\">\n\t\t\t\t\t\t<section class=\"penci-section penci-disSticky penci-structure-10 elementor-section elementor-top-section elementor-element elementor-element-f7a2dde elementor-section-boxed elementor-section-height-default elementor-section-height-default\" data-id=\"f7a2dde\" data-element_type=\"section\">\n\t\t\t\t\t\t<div class=\"elementor-container elementor-column-gap-default\">\n\t\t\t\t\t<div class=\"penci-ercol-100 penci-ercol-order-1 penci-sticky-ct    elementor-column elementor-col-100 elementor-top-column elementor-element elementor-element-d63c5f5\" data-id=\"d63c5f5\" data-element_type=\"column\">\n\t\t\t<div class=\"elementor-widget-wrap elementor-element-populated\">\n\t\t\t\t\t\t<div class=\"elementor-element elementor-element-38b00a3 elementor-widget elementor-widget-wpdmpackages\" data-id=\"38b00a3\" data-element_type=\"widget\" data-widget_type=\"wpdmpackages.default\">\n\t\t\t\t<div class=\"elementor-widget-container\">\n\t\t\t\t\t<div class='w3eden'>\n    <div class=''>\n\n        <form method=\"get\" class=\"__wpdm_submit_async\" data-container=\"#content_wpdm_package_1\" id=\"sc_form_wpdm_package_1\" style=\"margin-bottom: 15px\">\n    \n            <div class=\"card panel panel-default wpdm-shortcode-toolbar\">\n                <div class=\"card-body panel-body\">\n                    <div class=\"row\">\n                        <div class=\"col-lg-6 col-md-12\">\n                            <input type=\"search\" name=\"skw\" value=\"\" placeholder=\"Rechercher mot-cl\u00e9\u2026\" class=\"form-control\" \/>\n                        <\/div>\n                        <div class=\"col-lg-2 col-md-4\">\n                            <select name=\"orderby\" class=\"wpdm-custom-select custom-select\">\n                                <option value=\"date\" disabled=\"disabled\">Trier par\u00a0:<\/option>\n                                <option value=\"date\" >Date de publication<\/option>\n                                <option value=\"title\" >Titre<\/option>\n                                <option value=\"update_date\" >Date de mise \u00e0 jour<\/option>\n                                <option value=\"downloads\" >T\u00e9l\u00e9chargements<\/option>\n                                <option value=\"views\" >Vues<\/option>\n                            <\/select>\n                        <\/div>\n                        <div class=\"col-lg-2 col-md-4\">\n                            <select name=\"order\" class=\"wpdm-custom-select custom-select\">\n                                <option value=\"desc\" disabled=\"disabled\">Ordre\u00a0:<\/option>\n                                <option value=\"desc\" >D\u00e9croissant<\/option>\n                                <option value=\"asc\" >Croissant<\/option>\n                            <\/select>\n                        <\/div>\n                        <div class=\"col-lg-2 col-md-4\">\n                            <button type=\"submit\" class=\"btn btn-info btn-block\">Appliquer le filtre<\/button>\n                        <\/div>\n                    <\/div>\n                <\/div>\n            <\/div>\n\n            <\/form>\n<div class=\"spacer mb-3 d-block clearfix\"><\/div>\n\n        <div id=\"content_wpdm_package_1\">\n            <div class='row'><div class='col-lg-12 col-md-12 col-12'><!-- WPDM Link Template: Default Template -->\n\n<div class=\"link-template-default card mb-2\">\n    <div class=\"card-body\">\n        <div class=\"media\">\n            <div class=\"mr-3 img-48\"><img decoding=\"async\" class=\"wpdm_icon\" alt=\"Ic\u00f4ne\" src=\"https:\/\/agriculture.gouv.ne\/wp-content\/plugins\/download-manager\/assets\/file-type-icons\/pdf.svg\" \/><\/div>\n            <div class=\"media-body\">\n                <h3 class=\"package-title\"><a href='https:\/\/agriculture.gouv.ne\/?wpdmpro=arrete-2024-organisation-des-services-du-magel'>Arrete-2024-Organisation-des-Services-du-MAGEL<\/a><\/h3>\n                <div class=\"text-muted text-small\"><i class=\"fas fa-copy\"><\/i> 1 fichier\u00b7s <i class=\"fas fa-hdd ml-3\"><\/i> 2.25 MB<\/div>\n            <\/div>\n            <div class=\"ml-3\">\n                <a class='wpdm-download-link download-on-click btn btn-success ' rel='nofollow' href='#' data-downloadurl=\"https:\/\/agriculture.gouv.ne\/?wpdmpro=arrete-2024-organisation-des-services-du-magel&wpdmdl=2313&refresh=69ea113a288c71776947514\">T\u00e9l\u00e9charger<\/a>\n            <\/div>\n        <\/div>\n    <\/div>\n<\/div>\n\n<\/div><div class='col-lg-12 col-md-12 col-12'><!-- WPDM Link Template: Default Template -->\n\n<div class=\"link-template-default card mb-2\">\n    <div class=\"card-body\">\n        <div class=\"media\">\n            <div class=\"mr-3 img-48\"><img decoding=\"async\" class=\"wpdm_icon\" alt=\"Ic\u00f4ne\" src=\"https:\/\/agriculture.gouv.ne\/wp-content\/plugins\/download-manager\/assets\/file-type-icons\/pdf.svg\" \/><\/div>\n            <div class=\"media-body\">\n                <h3 class=\"package-title\"><a href='https:\/\/agriculture.gouv.ne\/?wpdmpro=decret-n2023-077-org-magel'>DECRET N\u00b02023-077 ORG. MAGEL<\/a><\/h3>\n                <div class=\"text-muted text-small\"><i class=\"fas fa-copy\"><\/i> 1 fichier\u00b7s <i class=\"fas fa-hdd ml-3\"><\/i> 6 Mo<\/div>\n            <\/div>\n            <div class=\"ml-3\">\n                <a class='wpdm-download-link download-on-click btn btn-success ' rel='nofollow' href='#' data-downloadurl=\"https:\/\/agriculture.gouv.ne\/?wpdmpro=decret-n2023-077-org-magel&wpdmdl=2312&refresh=69ea113a2a7dd1776947514\">T\u00e9l\u00e9charger<\/a>\n            <\/div>\n        <\/div>\n    <\/div>\n<\/div>\n\n<\/div><\/div>                    <\/div>\n\n        <div style='clear:both'><\/div>\n    <\/div>\n<\/div>\n\t\t\t\t<\/div>\n\t\t\t\t<\/div>\n\t\t\t\t\t<\/div>\n\t\t<\/div>\n\t\t\t\t\t<\/div>\n\t\t<\/section>\n\t\t\t\t<\/div>\n\t\t","protected":false},"excerpt":{"rendered":"<p>Trier par\u00a0:Date de publicationTitreDate de mise \u00e0 jourT\u00e9l\u00e9chargementsVues Ordre\u00a0:D\u00e9croissantCroissant Appliquer le filtre Arrete-2024-Organisation-des-Services-du-MAGEL 1 fichier\u00b7s 2.25 MB T\u00e9l\u00e9charger<\/p>\n","protected":false},"author":1,"featured_media":0,"parent":0,"menu_order":0,"comment_status":"closed","ping_status":"closed","template":"","meta":{"footnotes":""},"class_list":["post-1638","page","type-page","status-publish","hentry"],"_links":{"self":[{"href":"https:\/\/agriculture.gouv.ne\/index.php?rest_route=\/wp\/v2\/pages\/1638","targetHints":{"allow":["GET"]}}],"collection":[{"href":"https:\/\/agriculture.gouv.ne\/index.php?rest_route=\/wp\/v2\/pages"}],"about":[{"href":"https:\/\/agriculture.gouv.ne\/index.php?rest_route=\/wp\/v2\/types\/page"}],"author":[{"embeddable":true,"href":"https:\/\/agriculture.gouv.ne\/index.php?rest_route=\/wp\/v2\/users\/1"}],"replies":[{"embeddable":true,"href":"https:\/\/agriculture.gouv.ne\/index.php?rest_route=%2Fwp%2Fv2%2Fcomments&post=1638"}],"version-history":[{"count":8,"href":"https:\/\/agriculture.gouv.ne\/index.php?rest_route=\/wp\/v2\/pages\/1638\/revisions"}],"predecessor-version":[{"id":2766,"href":"https:\/\/agriculture.gouv.ne\/index.php?rest_route=\/wp\/v2\/pages\/1638\/revisions\/2766"}],"wp:attachment":[{"href":"https:\/\/agriculture.gouv.ne\/index.php?rest_route=%2Fwp%2Fv2%2Fmedia&parent=1638"}],"curies":[{"name":"wp","href":"https:\/\/api.w.org\/{rel}","templated":true}]}}