{"id":1634,"date":"2025-10-13T11:43:28","date_gmt":"2025-10-13T09:43:28","guid":{"rendered":"http:\/\/localhost\/mae\/?page_id=1634"},"modified":"2026-01-06T09:37:46","modified_gmt":"2026-01-06T08:37:46","slug":"communiques","status":"publish","type":"page","link":"https:\/\/agriculture.gouv.ne\/?page_id=1634","title":{"rendered":"Communiqu\u00e9s"},"content":{"rendered":"\t\t<div data-elementor-type=\"wp-page\" data-elementor-id=\"1634\" class=\"elementor elementor-1634\">\n\t\t\t\t\t\t<section class=\"penci-section penci-disSticky penci-structure-10 elementor-section elementor-top-section elementor-element elementor-element-1ba9fe8 elementor-section-boxed elementor-section-height-default elementor-section-height-default\" data-id=\"1ba9fe8\" data-element_type=\"section\">\n\t\t\t\t\t\t<div class=\"elementor-container elementor-column-gap-default\">\n\t\t\t\t\t<div class=\"penci-ercol-100 penci-ercol-order-1 penci-sticky-ct    elementor-column elementor-col-100 elementor-top-column elementor-element elementor-element-a741777\" data-id=\"a741777\" data-element_type=\"column\">\n\t\t\t<div class=\"elementor-widget-wrap elementor-element-populated\">\n\t\t\t\t\t\t<div class=\"elementor-element elementor-element-0f4793f elementor-widget elementor-widget-penci-small-list\" data-id=\"0f4793f\" data-element_type=\"widget\" data-widget_type=\"penci-small-list.default\">\n\t\t\t\t<div class=\"elementor-widget-container\">\n\t\t\t\t\t<script>if( typeof(penciBlock) === \"undefined\" ) {function penciBlock() { this.atts_json = ''; this.content = ''; }}var penciBlocksArray = penciBlocksArray || [];var PENCILOCALCACHE = PENCILOCALCACHE || {};var pcblock_6428 = new penciBlock();pcblock_6428.blockID=\"pcblock_6428\";pcblock_6428.atts_json = '{\"type\":\"grid\",\"dformat\":\"\",\"date_pos\":\"left\",\"column\":\"3\",\"tab_column\":\"\",\"mb_column\":\"\",\"imgpos\":\"top\",\"thumb_size\":\"\",\"mthumb_size\":\"\",\"post_meta\":[\"cat\",\"title\",\"date\",\"views\"],\"primary_cat\":\"on\",\"title_length\":\"\",\"excerpt_pos\":\"below\",\"rmstyle\":\"filled\",\"excerpt_length\":15,\"nocrop\":\"\",\"hide_cat_mobile\":\"\",\"hide_meta_mobile\":\"\",\"hide_excerpt_mobile\":\"\",\"hide_rm_mobile\":\"\",\"imgtop_mobile\":\"\",\"ver_border\":\"\",\"hide_thumb\":\"\",\"show_reviewpie\":\"\",\"show_formaticon\":\"\",\"disable_lazy\":\"\",\"show_excerpt\":\"yes\",\"show_readmore\":\"yes\",\"query\":{\"orderby\":\"date\",\"order\":\"desc\",\"ignore_sticky_posts\":1,\"post_status\":\"publish\",\"post__not_in\":[],\"post_type\":\"post\",\"posts_per_page\":9,\"tax_query\":[{\"taxonomy\":\"category\",\"field\":\"term_id\",\"terms\":[\"18\",\"20\"]}],\"paged\":1},\"category_ids\":\"\",\"taxonomy\":\"\"}';penciBlocksArray.push(pcblock_6428);<\/script>        <div class=\"penci-wrapper-smalllist\">\r\n\t\t\t        <div class=\"penci-border-arrow penci-homepage-title penci-home-latest-posts style-11 pcalign-left pciconp-right pcicon-right block-title-icon-left\">\r\n            <h3 class=\"inner-arrow\">\r\n                <span>\r\n                    <span>DERNIERS COMMUNIQU\u00c9S<\/a>                <\/span>\r\n            <\/h3>\r\n\t\t\t        <\/div>\r\n\t\t\t\t\t            <div class=\"penci-smalllist-wrapper\">\r\n\t\t\t\t                    <div class=\"penci-smalllist pcsl-wrapper pwsl-id-default\">\r\n                        <div class=\"pcsl-inner penci-clearfix pcsl-grid pcsl-imgpos-top pcsl-col-3 pcsl-tabcol-2 pcsl-mobcol-1\">\r\n\t\t\t\t\t\t\t                                <div class=\"pcsl-item\">\r\n                                    <div class=\"pcsl-itemin\">\r\n                                        <div class=\"pcsl-iteminer\">\r\n\t\t\t\t\t\t\t\t\t\t\t\r\n\t\t\t\t\t\t\t\t\t\t\t                                                <div class=\"pcsl-thumb\">\r\n\t\t\t\t\t\t\t\t\t\t\t\t\t\t\t\t\t\t\t\t\t\t\t\t\t\t\t\t\t\t\t\t\t\t\t\t\t\t\t                                                        <a href=\"https:\/\/agriculture.gouv.ne\/?p=2719\"\r\n                                                           title=\"COMMUNIQU\u00c9 DU CONSEIL DES MINISTRES DU MERCREDI 31 D\u00c9CEMBRE 2025\"\r\n                                                           class=\"penci-image-holder penci-lazy\"                                                           data-bgset=\"https:\/\/agriculture.gouv.ne\/wp-content\/uploads\/2025\/10\/conseil-des-ministres-9-585x390.png\">\r\n                                                        <\/a>\r\n\t\t\t\t\t\t\t\t\t\t\t\t\t                                                <\/div>\r\n\t\t\t\t\t\t\t\t\t\t\t                                            <div class=\"pcsl-content\">\r\n\t\t\t\t\t\t\t\t\t\t\t\t                                                    <div class=\"cat pcsl-cat\">\r\n\t\t\t\t\t\t\t\t\t\t\t\t\t\t<a style=\"\" class=\"penci-cat-name penci-cat-18\" href=\"https:\/\/agriculture.gouv.ne\/?cat=18\"  rel=\"category tag\"><span style=\"\">Conseil de ministres<\/span><\/a>                                                    <\/div>\r\n\t\t\t\t\t\t\t\t\t\t\t\t\r\n\t\t\t\t\t\t\t\t\t\t\t\t                                                    <div class=\"pcsl-title\">\r\n                                                        <a href=\"https:\/\/agriculture.gouv.ne\/?p=2719\">COMMUNIQU\u00c9 DU CONSEIL DES MINISTRES DU MERCREDI 31 D\u00c9CEMBRE 2025<\/a>\r\n                                                    <\/div>\r\n\t\t\t\t\t\t\t\t\t\t\t\t\r\n\t\t\t\t\t\t\t\t\t\t\t\t                                                    <div class=\"grid-post-box-meta pcsl-meta\">\r\n\t\t\t\t\t\t\t\t\t\t\t\t\t\t\t\t\t\t\t\t\t\t\t\t\t\t\t\t                                                            <span class=\"sl-date\"><time class=\"entry-date published\" datetime=\"2025-12-31T13:49:16+01:00\">31 d\u00e9cembre 2025<\/time><\/span>\r\n\t\t\t\t\t\t\t\t\t\t\t\t\t\t\t\t\t\t\t\t\t\t\t\t\t\t\t\t\t\t\t\t\t\t\t\t\t\t\t\t\t\t<span class=\"sl-views\">415 Vues<\/span>\t\t\t\t\t\t\t\t\t\t\t\t\t\t\t\t\t\t\t\t\t\t\t\t\t\t\t\t                                                    <\/div>\r\n\t\t\t\t\t\t\t\t\t\t\t\t\r\n\t\t\t\t\t\t\t\t\t\t\t\t                                                    <div class=\"pcbg-pexcerpt pcsl-pexcerpt\">\r\n\t\t\t\t\t\t\t\t\t\t\t\t\t\t<p>COMMUNIQU\u00c9 DU CONSEIL DES MINISTRES DU MERCREDI 31 D\u00c9CEMBRE 2025 Le pr\u00e9sent projet d\u2019ordonnance portant &#8230;<\/p>\n                                                    <\/div>\r\n\t\t\t\t\t\t\t\t\t\t\t\t\t\t\t\t\t\t\t\t\t\t\t\t                                                    <div class=\"pcsl-readmore\">\r\n                                                        <a href=\"https:\/\/agriculture.gouv.ne\/?p=2719\"\r\n                                                           class=\"pcsl-readmorebtn pcsl-btns-filled\">\r\n\t\t\t\t\t\t\t\t\t\t\t\t\t\t\tLire la suite                                                        <\/a>\r\n                                                    <\/div>\r\n\t\t\t\t\t\t\t\t\t\t\t\t\r\n                                            <\/div>\r\n\r\n\t\t\t\t\t\t\t\t\t\t\t                                        <\/div>\r\n                                    <\/div>\r\n                                <\/div>\r\n\t\t\t\t\t\t\t                                <div class=\"pcsl-item\">\r\n                                    <div class=\"pcsl-itemin\">\r\n                                        <div class=\"pcsl-iteminer\">\r\n\t\t\t\t\t\t\t\t\t\t\t\r\n\t\t\t\t\t\t\t\t\t\t\t                                                <div class=\"pcsl-thumb\">\r\n\t\t\t\t\t\t\t\t\t\t\t\t\t\t\t\t\t\t\t\t\t\t\t\t\t\t\t\t\t\t\t\t\t\t\t\t\t\t\t                                                        <a href=\"https:\/\/agriculture.gouv.ne\/?p=1747\"\r\n                                                           title=\"AU TITRE DU MINISTERE DE L\u2019AGRICULTURE ET DE L\u2019ELEVAGE\"\r\n                                                           class=\"penci-image-holder penci-lazy\"                                                           data-bgset=\"https:\/\/agriculture.gouv.ne\/wp-content\/uploads\/2025\/10\/conseil-des-ministres-9-585x390.png\">\r\n                                                        <\/a>\r\n\t\t\t\t\t\t\t\t\t\t\t\t\t                                                <\/div>\r\n\t\t\t\t\t\t\t\t\t\t\t                                            <div class=\"pcsl-content\">\r\n\t\t\t\t\t\t\t\t\t\t\t\t                                                    <div class=\"cat pcsl-cat\">\r\n\t\t\t\t\t\t\t\t\t\t\t\t\t\t<a style=\"\" class=\"penci-cat-name penci-cat-18\" href=\"https:\/\/agriculture.gouv.ne\/?cat=18\"  rel=\"category tag\"><span style=\"\">Conseil de ministres<\/span><\/a>                                                    <\/div>\r\n\t\t\t\t\t\t\t\t\t\t\t\t\r\n\t\t\t\t\t\t\t\t\t\t\t\t                                                    <div class=\"pcsl-title\">\r\n                                                        <a href=\"https:\/\/agriculture.gouv.ne\/?p=1747\">AU TITRE DU MINISTERE DE L\u2019AGRICULTURE ET DE L\u2019ELEVAGE<\/a>\r\n                                                    <\/div>\r\n\t\t\t\t\t\t\t\t\t\t\t\t\r\n\t\t\t\t\t\t\t\t\t\t\t\t                                                    <div class=\"grid-post-box-meta pcsl-meta\">\r\n\t\t\t\t\t\t\t\t\t\t\t\t\t\t\t\t\t\t\t\t\t\t\t\t\t\t\t\t                                                            <span class=\"sl-date\"><time class=\"entry-date published\" datetime=\"2025-10-11T15:20:36+02:00\">11 octobre 2025<\/time><\/span>\r\n\t\t\t\t\t\t\t\t\t\t\t\t\t\t\t\t\t\t\t\t\t\t\t\t\t\t\t\t\t\t\t\t\t\t\t\t\t\t\t\t\t\t<span class=\"sl-views\">233 Vues<\/span>\t\t\t\t\t\t\t\t\t\t\t\t\t\t\t\t\t\t\t\t\t\t\t\t\t\t\t\t                                                    <\/div>\r\n\t\t\t\t\t\t\t\t\t\t\t\t\r\n\t\t\t\t\t\t\t\t\t\t\t\t                                                    <div class=\"pcbg-pexcerpt pcsl-pexcerpt\">\r\n\t\t\t\t\t\t\t\t\t\t\t\t\t\t<p>Le Conseil des Ministres a adopt\u00e9 les projets de textes ci-apr\u00e8s\u00a0: projet d\u2019ordonnance relative \u00e0 &#8230;<\/p>\n                                                    <\/div>\r\n\t\t\t\t\t\t\t\t\t\t\t\t\t\t\t\t\t\t\t\t\t\t\t\t                                                    <div class=\"pcsl-readmore\">\r\n                                                        <a href=\"https:\/\/agriculture.gouv.ne\/?p=1747\"\r\n                                                           class=\"pcsl-readmorebtn pcsl-btns-filled\">\r\n\t\t\t\t\t\t\t\t\t\t\t\t\t\t\tLire la suite                                                        <\/a>\r\n                                                    <\/div>\r\n\t\t\t\t\t\t\t\t\t\t\t\t\r\n                                            <\/div>\r\n\r\n\t\t\t\t\t\t\t\t\t\t\t                                        <\/div>\r\n                                    <\/div>\r\n                                <\/div>\r\n\t\t\t\t\t\t\t                                <div class=\"pcsl-item\">\r\n                                    <div class=\"pcsl-itemin\">\r\n                                        <div class=\"pcsl-iteminer\">\r\n\t\t\t\t\t\t\t\t\t\t\t\r\n\t\t\t\t\t\t\t\t\t\t\t                                                <div class=\"pcsl-thumb\">\r\n\t\t\t\t\t\t\t\t\t\t\t\t\t\t\t\t\t\t\t\t\t\t\t\t\t\t\t\t\t\t\t\t\t\t\t\t\t\t\t                                                        <a href=\"https:\/\/agriculture.gouv.ne\/?p=1773\"\r\n                                                           title=\"Le Conseil des Ministres a entendu plusieurs communications.\"\r\n                                                           class=\"penci-image-holder penci-lazy\"                                                           data-bgset=\"https:\/\/agriculture.gouv.ne\/wp-content\/uploads\/2025\/10\/conseil-des-ministres-9-585x390.png\">\r\n                                                        <\/a>\r\n\t\t\t\t\t\t\t\t\t\t\t\t\t                                                <\/div>\r\n\t\t\t\t\t\t\t\t\t\t\t                                            <div class=\"pcsl-content\">\r\n\t\t\t\t\t\t\t\t\t\t\t\t                                                    <div class=\"cat pcsl-cat\">\r\n\t\t\t\t\t\t\t\t\t\t\t\t\t\t<a style=\"\" class=\"penci-cat-name penci-cat-18\" href=\"https:\/\/agriculture.gouv.ne\/?cat=18\"  rel=\"category tag\"><span style=\"\">Conseil de ministres<\/span><\/a>                                                    <\/div>\r\n\t\t\t\t\t\t\t\t\t\t\t\t\r\n\t\t\t\t\t\t\t\t\t\t\t\t                                                    <div class=\"pcsl-title\">\r\n                                                        <a href=\"https:\/\/agriculture.gouv.ne\/?p=1773\">Le Conseil des Ministres a entendu plusieurs communications.<\/a>\r\n                                                    <\/div>\r\n\t\t\t\t\t\t\t\t\t\t\t\t\r\n\t\t\t\t\t\t\t\t\t\t\t\t                                                    <div class=\"grid-post-box-meta pcsl-meta\">\r\n\t\t\t\t\t\t\t\t\t\t\t\t\t\t\t\t\t\t\t\t\t\t\t\t\t\t\t\t                                                            <span class=\"sl-date\"><time class=\"entry-date published\" datetime=\"2025-09-19T17:36:37+02:00\">19 septembre 2025<\/time><\/span>\r\n\t\t\t\t\t\t\t\t\t\t\t\t\t\t\t\t\t\t\t\t\t\t\t\t\t\t\t\t\t\t\t\t\t\t\t\t\t\t\t\t\t\t<span class=\"sl-views\">207 Vues<\/span>\t\t\t\t\t\t\t\t\t\t\t\t\t\t\t\t\t\t\t\t\t\t\t\t\t\t\t\t                                                    <\/div>\r\n\t\t\t\t\t\t\t\t\t\t\t\t\r\n\t\t\t\t\t\t\t\t\t\t\t\t                                                    <div class=\"pcbg-pexcerpt pcsl-pexcerpt\">\r\n\t\t\t\t\t\t\t\t\t\t\t\t\t\t<p>Une (1) communication du Ministre de l\u2019Environnement, de l\u2019Hydraulique et de l\u2019Assainissement\u00a0sur l\u2019\u00e9tat d\u2019avancement des &#8230;<\/p>\n                                                    <\/div>\r\n\t\t\t\t\t\t\t\t\t\t\t\t\t\t\t\t\t\t\t\t\t\t\t\t                                                    <div class=\"pcsl-readmore\">\r\n                                                        <a href=\"https:\/\/agriculture.gouv.ne\/?p=1773\"\r\n                                                           class=\"pcsl-readmorebtn pcsl-btns-filled\">\r\n\t\t\t\t\t\t\t\t\t\t\t\t\t\t\tLire la suite                                                        <\/a>\r\n                                                    <\/div>\r\n\t\t\t\t\t\t\t\t\t\t\t\t\r\n                                            <\/div>\r\n\r\n\t\t\t\t\t\t\t\t\t\t\t                                        <\/div>\r\n                                    <\/div>\r\n                                <\/div>\r\n\t\t\t\t\t\t\t                                <div class=\"pcsl-item\">\r\n                                    <div class=\"pcsl-itemin\">\r\n                                        <div class=\"pcsl-iteminer\">\r\n\t\t\t\t\t\t\t\t\t\t\t\r\n\t\t\t\t\t\t\t\t\t\t\t                                                <div class=\"pcsl-thumb\">\r\n\t\t\t\t\t\t\t\t\t\t\t\t\t\t\t\t\t\t\t\t\t\t\t\t\t\t\t\t\t\t\t\t\t\t\t\t\t\t\t                                                        <a href=\"https:\/\/agriculture.gouv.ne\/?p=1769\"\r\n                                                           title=\"Le Conseil des Ministres a entendu plusieurs communications :\"\r\n                                                           class=\"penci-image-holder penci-lazy\"                                                           data-bgset=\"https:\/\/agriculture.gouv.ne\/wp-content\/uploads\/2025\/10\/conseil-des-ministres-9-585x390.png\">\r\n                                                        <\/a>\r\n\t\t\t\t\t\t\t\t\t\t\t\t\t                                                <\/div>\r\n\t\t\t\t\t\t\t\t\t\t\t                                            <div class=\"pcsl-content\">\r\n\t\t\t\t\t\t\t\t\t\t\t\t                                                    <div class=\"cat pcsl-cat\">\r\n\t\t\t\t\t\t\t\t\t\t\t\t\t\t<a style=\"\" class=\"penci-cat-name penci-cat-18\" href=\"https:\/\/agriculture.gouv.ne\/?cat=18\"  rel=\"category tag\"><span style=\"\">Conseil de ministres<\/span><\/a>                                                    <\/div>\r\n\t\t\t\t\t\t\t\t\t\t\t\t\r\n\t\t\t\t\t\t\t\t\t\t\t\t                                                    <div class=\"pcsl-title\">\r\n                                                        <a href=\"https:\/\/agriculture.gouv.ne\/?p=1769\">Le Conseil des Ministres a entendu plusieurs communications :<\/a>\r\n                                                    <\/div>\r\n\t\t\t\t\t\t\t\t\t\t\t\t\r\n\t\t\t\t\t\t\t\t\t\t\t\t                                                    <div class=\"grid-post-box-meta pcsl-meta\">\r\n\t\t\t\t\t\t\t\t\t\t\t\t\t\t\t\t\t\t\t\t\t\t\t\t\t\t\t\t                                                            <span class=\"sl-date\"><time class=\"entry-date published\" datetime=\"2025-06-12T17:28:48+02:00\">12 juin 2025<\/time><\/span>\r\n\t\t\t\t\t\t\t\t\t\t\t\t\t\t\t\t\t\t\t\t\t\t\t\t\t\t\t\t\t\t\t\t\t\t\t\t\t\t\t\t\t\t<span class=\"sl-views\">227 Vues<\/span>\t\t\t\t\t\t\t\t\t\t\t\t\t\t\t\t\t\t\t\t\t\t\t\t\t\t\t\t                                                    <\/div>\r\n\t\t\t\t\t\t\t\t\t\t\t\t\r\n\t\t\t\t\t\t\t\t\t\t\t\t                                                    <div class=\"pcbg-pexcerpt pcsl-pexcerpt\">\r\n\t\t\t\t\t\t\t\t\t\t\t\t\t\t<p>Une (1) communication du\u00a0Ministre de l&rsquo;Agriculture et de l&rsquo;Elevage\u00a0relative a la situation de la campagne &#8230;<\/p>\n                                                    <\/div>\r\n\t\t\t\t\t\t\t\t\t\t\t\t\t\t\t\t\t\t\t\t\t\t\t\t                                                    <div class=\"pcsl-readmore\">\r\n                                                        <a href=\"https:\/\/agriculture.gouv.ne\/?p=1769\"\r\n                                                           class=\"pcsl-readmorebtn pcsl-btns-filled\">\r\n\t\t\t\t\t\t\t\t\t\t\t\t\t\t\tLire la suite                                                        <\/a>\r\n                                                    <\/div>\r\n\t\t\t\t\t\t\t\t\t\t\t\t\r\n                                            <\/div>\r\n\r\n\t\t\t\t\t\t\t\t\t\t\t                                        <\/div>\r\n                                    <\/div>\r\n                                <\/div>\r\n\t\t\t\t\t\t\t                        <\/div>\r\n\r\n\t\t\t\t\t\t\r\n                    <\/div>\r\n\t\t\t\t\t            <\/div>\r\n        <\/div>\r\n\t\t\t\t\t\t<\/div>\n\t\t\t\t<\/div>\n\t\t\t\t\t<\/div>\n\t\t<\/div>\n\t\t\t\t\t<\/div>\n\t\t<\/section>\n\t\t\t\t<\/div>\n\t\t","protected":false},"excerpt":{"rendered":"<p>DERNIERS COMMUNIQU\u00c9S Conseil de ministres AU TITRE DU MINISTERE DE L\u2019AGRICULTURE ET DE L\u2019ELEVAGE 11 octobre 2025 1 Vues Le Conseil des&hellip;<\/p>\n","protected":false},"author":1,"featured_media":0,"parent":0,"menu_order":0,"comment_status":"closed","ping_status":"closed","template":"","meta":{"footnotes":""},"class_list":["post-1634","page","type-page","status-publish","hentry"],"_links":{"self":[{"href":"https:\/\/agriculture.gouv.ne\/index.php?rest_route=\/wp\/v2\/pages\/1634","targetHints":{"allow":["GET"]}}],"collection":[{"href":"https:\/\/agriculture.gouv.ne\/index.php?rest_route=\/wp\/v2\/pages"}],"about":[{"href":"https:\/\/agriculture.gouv.ne\/index.php?rest_route=\/wp\/v2\/types\/page"}],"author":[{"embeddable":true,"href":"https:\/\/agriculture.gouv.ne\/index.php?rest_route=\/wp\/v2\/users\/1"}],"replies":[{"embeddable":true,"href":"https:\/\/agriculture.gouv.ne\/index.php?rest_route=%2Fwp%2Fv2%2Fcomments&post=1634"}],"version-history":[{"count":7,"href":"https:\/\/agriculture.gouv.ne\/index.php?rest_route=\/wp\/v2\/pages\/1634\/revisions"}],"predecessor-version":[{"id":2658,"href":"https:\/\/agriculture.gouv.ne\/index.php?rest_route=\/wp\/v2\/pages\/1634\/revisions\/2658"}],"wp:attachment":[{"href":"https:\/\/agriculture.gouv.ne\/index.php?rest_route=%2Fwp%2Fv2%2Fmedia&parent=1634"}],"curies":[{"name":"wp","href":"https:\/\/api.w.org\/{rel}","templated":true}]}}